{"id":4429,"date":"2026-02-11T15:04:47","date_gmt":"2026-02-11T15:04:47","guid":{"rendered":"https:\/\/stadiliepas.lv\/fruit-trees\/plum-trees\/"},"modified":"2026-03-17T14:32:06","modified_gmt":"2026-03-17T14:32:06","slug":"plum-trees","status":"publish","type":"page","link":"https:\/\/stadiliepas.lv\/en\/fruit-trees\/plum-trees\/","title":{"rendered":"Plum trees"},"content":{"rendered":"\t\t<div data-elementor-type=\"wp-page\" data-elementor-id=\"4429\" class=\"elementor elementor-4429 elementor-2407\" data-elementor-post-type=\"page\">\n\t\t\t\t<div class=\"elementor-element elementor-element-1d63603 e-flex e-con-boxed e-con e-parent\" data-id=\"1d63603\" data-element_type=\"container\" data-e-type=\"container\">\n\t\t\t\t\t<div class=\"e-con-inner\">\n\t\t<div class=\"elementor-element elementor-element-81966c1 e-con-full e-flex e-con e-child\" data-id=\"81966c1\" data-element_type=\"container\" data-e-type=\"container\">\n\t\t\t\t<div class=\"elementor-element elementor-element-47eec33 elementor-widget elementor-widget-heading\" data-id=\"47eec33\" data-element_type=\"widget\" data-e-type=\"widget\" data-widget_type=\"heading.default\">\n\t\t\t\t\t<h4 class=\"elementor-heading-title elementor-size-default\">Plum trees<\/h4>\t\t\t\t<\/div>\n\t\t\t\t<div class=\"elementor-element elementor-element-be7cb3d elementor-widget elementor-widget-text-editor\" data-id=\"be7cb3d\" data-element_type=\"widget\" data-e-type=\"widget\" data-widget_type=\"text-editor.default\">\n\t\t\t\t\t\t\t\t\t<p>Plums are popular fruit trees that delight in the garden with tasty and diverse fruits. Pied\u0101v\u0101jum\u0101 ir gan m\u0101jas pl\u016bmes, gan hibr\u012bdpl\u016bmes, kas at\u0161\u0137iras ar aug\u013cu lielumu, gar\u0161u un nogatavo\u0161an\u0101s laiku. Hybrid plums require a pollinator to ensure good yields\u2014typically the Caucasian plum. With carefully selected varieties, you can enjoy a continuous plum harvest from summer through autumn.<\/p>\t\t\t\t\t\t\t\t<\/div>\n\t\t\t\t<\/div>\n\t\t\t\t\t<\/div>\n\t\t\t\t<\/div>\n\t\t<div class=\"elementor-element elementor-element-00339cd e-grid e-con-boxed e-con e-parent\" data-id=\"00339cd\" data-element_type=\"container\" data-e-type=\"container\">\n\t\t\t\t\t<div class=\"e-con-inner\">\n\t\t\t\t<div class=\"elementor-element elementor-element-801b3fc elementor-grid-1 elementor-grid-tablet-3 elementor-grid-mobile-2 elementor-products-grid elementor-wc-products elementor-widget elementor-widget-wc-categories\" data-id=\"801b3fc\" data-element_type=\"widget\" data-e-type=\"widget\" data-widget_type=\"wc-categories.default\">\n\t\t\t\t\t<div class=\"woocommerce columns-1\"><\/div>\t\t\t\t<\/div>\n\t\t\t\t<div class=\"elementor-element elementor-element-528ca54 elementor-grid-1 elementor-grid-tablet-3 elementor-grid-mobile-2 elementor-products-grid elementor-wc-products elementor-widget elementor-widget-wc-categories\" data-id=\"528ca54\" data-element_type=\"widget\" data-e-type=\"widget\" data-widget_type=\"wc-categories.default\">\n\t\t\t\t\t<div class=\"woocommerce columns-1\"><\/div>\t\t\t\t<\/div>\n\t\t\t\t\t<\/div>\n\t\t\t\t<\/div>\n\t\t\t\t<\/div>\n\t\t","protected":false},"excerpt":{"rendered":"<p>Plum trees Plums are popular fruit trees that delight in the garden with tasty and diverse fruits. Pied\u0101v\u0101jum\u0101 ir gan m\u0101jas pl\u016bmes, gan hibr\u012bdpl\u016bmes, kas at\u0161\u0137iras ar aug\u013cu lielumu, gar\u0161u un nogatavo\u0161an\u0101s laiku. Hybrid plums require a pollinator to ensure good yields\u2014typically the Caucasian plum. With carefully selected varieties, you can enjoy a continuous plum [&hellip;]<\/p>\n","protected":false},"author":1,"featured_media":0,"parent":4305,"menu_order":0,"comment_status":"closed","ping_status":"closed","template":"elementor_header_footer","meta":{"footnotes":""},"class_list":["post-4429","page","type-page","status-publish","hentry"],"_links":{"self":[{"href":"https:\/\/stadiliepas.lv\/en\/wp-json\/wp\/v2\/pages\/4429","targetHints":{"allow":["GET"]}}],"collection":[{"href":"https:\/\/stadiliepas.lv\/en\/wp-json\/wp\/v2\/pages"}],"about":[{"href":"https:\/\/stadiliepas.lv\/en\/wp-json\/wp\/v2\/types\/page"}],"author":[{"embeddable":true,"href":"https:\/\/stadiliepas.lv\/en\/wp-json\/wp\/v2\/users\/1"}],"replies":[{"embeddable":true,"href":"https:\/\/stadiliepas.lv\/en\/wp-json\/wp\/v2\/comments?post=4429"}],"version-history":[{"count":1,"href":"https:\/\/stadiliepas.lv\/en\/wp-json\/wp\/v2\/pages\/4429\/revisions"}],"predecessor-version":[{"id":4430,"href":"https:\/\/stadiliepas.lv\/en\/wp-json\/wp\/v2\/pages\/4429\/revisions\/4430"}],"up":[{"embeddable":true,"href":"https:\/\/stadiliepas.lv\/en\/wp-json\/wp\/v2\/pages\/4305"}],"wp:attachment":[{"href":"https:\/\/stadiliepas.lv\/en\/wp-json\/wp\/v2\/media?parent=4429"}],"curies":[{"name":"wp","href":"https:\/\/api.w.org\/{rel}","templated":true}]}}