{"id":4133,"date":"2026-02-19T07:32:34","date_gmt":"2026-02-19T07:32:34","guid":{"rendered":"https:\/\/stadiliepas.lv\/product\/la-apple-sipolins\/"},"modified":"2026-03-10T09:39:02","modified_gmt":"2026-03-10T09:39:02","slug":"la-apple-sipolins","status":"publish","type":"product","link":"https:\/\/stadiliepas.lv\/en\/product\/la-apple-sipolins\/","title":{"rendered":"LA Apple-tree &#8216;S\u012bpoli\u0146\u0161&#8217;"},"content":{"rendered":"<p><span style=\"color: #000000\">AN OLDER, TIME-TESTED VARIETY!<\/span><\/p>\n<p>&nbsp;<\/p>\n<h5><span style=\"color: #000000\">Winter variety. Small, yellow with a pink blush, distinctive sweet-sour taste, very good aroma. Long-lived, prefers clay soils.<\/span><\/h5>\n<p>&nbsp;<\/p>\n<ul>\n<li><span style=\"color: #000000\">Standard price for a container plant.<\/span><\/li>\n<li><span style=\"color: #000000\">Price varies depending on plant size. <\/span>\n<ul>\n<li><span style=\"color: #000000\">Min &#8211; smaller size plant (\u20ac14.00);<\/span><\/li>\n<li><span style=\"color: #000000\"><strong>Standard &#8211; mature plant with a strong root system (\u20ac16.00).<\/strong><\/span><\/li>\n<\/ul>\n<\/li>\n<li><span style=\"color: #000000\">The full price list can be viewed  <span style=\"text-decoration: underline\"><a style=\"color: #000000;text-decoration: underline\" href=\"https:\/\/liepas.lv\/cenu-lapa\/\"><span style=\"color: #008000;text-decoration: underline\"><strong>here<\/strong><\/span>.<\/a><\/span><\/span><\/li>\n<li><span style=\"color: #000000\">Information on how to purchase can be found <span style=\"text-decoration: underline\"><a style=\"color: #000000;text-decoration: underline\" href=\"https:\/\/liepas.lv\/ka-iegadaties\/\"><span style=\"color: #008000;text-decoration: underline\"><strong>here<\/strong><\/span>.<\/a><\/span><\/span><\/li>\n<\/ul>\n<p>&nbsp;<\/p>\n","protected":false},"excerpt":{"rendered":"<p>AN OLDER, TIME-TESTED VARIETY! &nbsp; Winter variety. Small, yellow with a pink blush, distinctive sweet-sour taste, very good aroma. Long-lived, prefers clay soils. &nbsp; Standard price for a container plant. Price varies depending on plant size. Min &#8211; smaller size plant (\u20ac14.00); Standard &#8211; mature plant with a strong root system (\u20ac16.00). The full price [&hellip;]<\/p>\n","protected":false},"featured_media":4120,"template":"","meta":[],"product_brand":[],"product_cat":[628],"product_tag":[629,630],"class_list":{"0":"post-4133","1":"product","2":"type-product","3":"status-publish","4":"has-post-thumbnail","6":"product_cat-winter-apples","7":"product_tag-apple-tree","8":"product_tag-winter-apple","10":"first","11":"instock","12":"shipping-taxable","13":"purchasable","14":"product-type-variable"},"_links":{"self":[{"href":"https:\/\/stadiliepas.lv\/en\/wp-json\/wp\/v2\/product\/4133","targetHints":{"allow":["GET"]}}],"collection":[{"href":"https:\/\/stadiliepas.lv\/en\/wp-json\/wp\/v2\/product"}],"about":[{"href":"https:\/\/stadiliepas.lv\/en\/wp-json\/wp\/v2\/types\/product"}],"wp:featuredmedia":[{"embeddable":true,"href":"https:\/\/stadiliepas.lv\/en\/wp-json\/wp\/v2\/media\/4120"}],"wp:attachment":[{"href":"https:\/\/stadiliepas.lv\/en\/wp-json\/wp\/v2\/media?parent=4133"}],"wp:term":[{"taxonomy":"product_brand","embeddable":true,"href":"https:\/\/stadiliepas.lv\/en\/wp-json\/wp\/v2\/product_brand?post=4133"},{"taxonomy":"product_cat","embeddable":true,"href":"https:\/\/stadiliepas.lv\/en\/wp-json\/wp\/v2\/product_cat?post=4133"},{"taxonomy":"product_tag","embeddable":true,"href":"https:\/\/stadiliepas.lv\/en\/wp-json\/wp\/v2\/product_tag?post=4133"}],"curies":[{"name":"wp","href":"https:\/\/api.w.org\/{rel}","templated":true}]}}