{"id":4631,"date":"2026-03-27T06:37:33","date_gmt":"2026-03-27T06:37:33","guid":{"rendered":"https:\/\/stadiliepas.lv\/?post_type=product&#038;p=4631"},"modified":"2026-03-27T06:38:59","modified_gmt":"2026-03-27T06:38:59","slug":"sea-buckthorn-botaniceskaja-lubikelskaja-female-kopija","status":"publish","type":"product","link":"https:\/\/stadiliepas.lv\/en\/product\/sea-buckthorn-botaniceskaja-lubikelskaja-female-kopija\/","title":{"rendered":"Sea buckthorn &#8216;Bota\u0146i\u010deskaja \u013bubi\u0137e\u013cskaja&#8217; female (Kopija)"},"content":{"rendered":"<p><span style=\"color: #000000\">It has large dark yellow berries weighing 0.78 g. The bushes are medium-sized, productive, the branches usually bend low from the weight of the berries, forming a semi-hanging crown in good growing conditions. The berries are very juicy.<\/span><\/p>\n<p><span style=\"color: #000000\">For 7 or 8 female plants, one male should be planted, placing it on the side of the prevailing winds, or in the center of the group.<\/span><\/p>\n<p>&nbsp;<\/p>\n<ul>\n<li><span style=\"color: #000000\">Standard price for a container plant. The price for bare-root plants and younger plants may be lower. The full price list can be found  <span style=\"text-decoration: underline\"><a style=\"color: #000000;text-decoration: underline\" href=\"https:\/\/liepas.lv\/cenu-lapa\/\">here.<\/a><\/span><\/span><\/li>\n<li><span style=\"color: #000000\">Information on how to purchase can be found <span style=\"text-decoration: underline\"><a style=\"color: #000000;text-decoration: underline\" href=\"https:\/\/liepas.lv\/ka-iegadaties\/\">here.<\/a><\/span><\/span><\/li>\n<\/ul>\n","protected":false},"excerpt":{"rendered":"<p>It has large dark yellow berries weighing 0.78 g. The bushes are medium-sized, productive, the branches usually bend low from the weight of the berries, forming a semi-hanging crown in good growing conditions. The berries are very juicy. For 7 or 8 female plants, one male should be planted, placing it on the side of [&hellip;]<\/p>\n","protected":false},"featured_media":4632,"template":"","meta":[],"product_brand":[],"product_cat":[657],"product_tag":[],"class_list":{"0":"post-4631","1":"product","2":"type-product","3":"status-publish","4":"has-post-thumbnail","6":"product_cat-sea-buckthorn","8":"first","9":"instock","10":"shipping-taxable","11":"purchasable","12":"product-type-simple"},"_links":{"self":[{"href":"https:\/\/stadiliepas.lv\/en\/wp-json\/wp\/v2\/product\/4631","targetHints":{"allow":["GET"]}}],"collection":[{"href":"https:\/\/stadiliepas.lv\/en\/wp-json\/wp\/v2\/product"}],"about":[{"href":"https:\/\/stadiliepas.lv\/en\/wp-json\/wp\/v2\/types\/product"}],"wp:featuredmedia":[{"embeddable":true,"href":"https:\/\/stadiliepas.lv\/en\/wp-json\/wp\/v2\/media\/4632"}],"wp:attachment":[{"href":"https:\/\/stadiliepas.lv\/en\/wp-json\/wp\/v2\/media?parent=4631"}],"wp:term":[{"taxonomy":"product_brand","embeddable":true,"href":"https:\/\/stadiliepas.lv\/en\/wp-json\/wp\/v2\/product_brand?post=4631"},{"taxonomy":"product_cat","embeddable":true,"href":"https:\/\/stadiliepas.lv\/en\/wp-json\/wp\/v2\/product_cat?post=4631"},{"taxonomy":"product_tag","embeddable":true,"href":"https:\/\/stadiliepas.lv\/en\/wp-json\/wp\/v2\/product_tag?post=4631"}],"curies":[{"name":"wp","href":"https:\/\/api.w.org\/{rel}","templated":true}]}}