{"id":4875,"date":"2026-03-31T11:05:18","date_gmt":"2026-03-31T11:05:18","guid":{"rendered":"https:\/\/stadiliepas.lv\/?post_type=product&#038;p=4875"},"modified":"2026-03-31T11:08:17","modified_gmt":"2026-03-31T11:08:17","slug":"plum-zarecnaja-rannaja","status":"publish","type":"product","link":"https:\/\/stadiliepas.lv\/en\/product\/plum-zarecnaja-rannaja\/","title":{"rendered":"Plum &#8216;Zare\u010dnaja Ra\u0146\u0146aja&#8217;"},"content":{"rendered":"<h5><span style=\"color: #000000\">Blooms early. The fruits ripen early. They are beautiful, medium to large, round, dark red with a bluish-gray frosting. The bark is thick, sour. The flesh is yellow, firm, sweet and sour with a good or excellent taste. The stone separates well from the flesh. The fruits are transportable and do not crack in rainy weather. Self-infertile, but pollinates well with<strong> Viktorija and other early flowering plums.<\/strong><\/span><\/h5>\n<p>&nbsp;<\/p>\n<ul>\n<li><span style=\"color: #000000\">Standard price for a container plant<\/span><\/li>\n<li><span style=\"color: #000000\"> Price varies depending on plant size<\/span>\n<ul>\n<li><span style=\"color: #000000\"> Min &#8211; smaller size plant (\u20ac 16.00);<\/span><\/li>\n<li><span style=\"color: #000000\"><strong> Standard- mature plant with a strong root system (\u20ac 18.00);<\/strong><\/span><\/li>\n<li><span style=\"color: #000000\"> Max &#8211; larger size plant, may have side brunches (\u20ac 20.00).<\/span><\/li>\n<\/ul>\n<\/li>\n<li><span style=\"color: #000000\"> The full price list can be viewed <span style=\"text-decoration: underline\"><a style=\"color: #000000;text-decoration: underline\" href=\"https:\/\/liepas.lv\/cenu-lapa\/\"><span style=\"color: #008000;text-decoration: underline\"><strong>here<\/strong><\/span>.<\/a><\/span><\/span><\/li>\n<li><span style=\"color: #000000\"> Information on how to purchase can be found <span style=\"text-decoration: underline\"><a style=\"color: #000000;text-decoration: underline\" href=\"https:\/\/liepas.lv\/ka-iegadaties\/\"><span style=\"color: #008000;text-decoration: underline\"><strong>here<\/strong><\/span>.<\/a><\/span><\/span><\/li>\n<\/ul>\n<p>&nbsp;<\/p>\n","protected":false},"excerpt":{"rendered":"<p>Blooms early. The fruits ripen early. They are beautiful, medium to large, round, dark red with a bluish-gray frosting. The bark is thick, sour. The flesh is yellow, firm, sweet and sour with a good or excellent taste. The stone separates well from the flesh. The fruits are transportable and do not crack in rainy [&hellip;]<\/p>\n","protected":false},"featured_media":778,"template":"","meta":[],"product_brand":[],"product_cat":[668,667],"product_tag":[],"class_list":{"0":"post-4875","1":"product","2":"type-product","3":"status-publish","4":"has-post-thumbnail","6":"product_cat-domestic-plums","7":"product_cat-plums","9":"first","10":"outofstock","11":"shipping-taxable","12":"purchasable","13":"product-type-simple"},"_links":{"self":[{"href":"https:\/\/stadiliepas.lv\/en\/wp-json\/wp\/v2\/product\/4875","targetHints":{"allow":["GET"]}}],"collection":[{"href":"https:\/\/stadiliepas.lv\/en\/wp-json\/wp\/v2\/product"}],"about":[{"href":"https:\/\/stadiliepas.lv\/en\/wp-json\/wp\/v2\/types\/product"}],"wp:featuredmedia":[{"embeddable":true,"href":"https:\/\/stadiliepas.lv\/en\/wp-json\/wp\/v2\/media\/778"}],"wp:attachment":[{"href":"https:\/\/stadiliepas.lv\/en\/wp-json\/wp\/v2\/media?parent=4875"}],"wp:term":[{"taxonomy":"product_brand","embeddable":true,"href":"https:\/\/stadiliepas.lv\/en\/wp-json\/wp\/v2\/product_brand?post=4875"},{"taxonomy":"product_cat","embeddable":true,"href":"https:\/\/stadiliepas.lv\/en\/wp-json\/wp\/v2\/product_cat?post=4875"},{"taxonomy":"product_tag","embeddable":true,"href":"https:\/\/stadiliepas.lv\/en\/wp-json\/wp\/v2\/product_tag?post=4875"}],"curies":[{"name":"wp","href":"https:\/\/api.w.org\/{rel}","templated":true}]}}