{"id":4942,"date":"2026-04-02T08:44:00","date_gmt":"2026-04-02T08:44:00","guid":{"rendered":"https:\/\/stadiliepas.lv\/?post_type=product&#038;p=4942"},"modified":"2026-04-02T08:50:21","modified_gmt":"2026-04-02T08:50:21","slug":"plum-renklod-rannij-doneckij","status":"publish","type":"product","link":"https:\/\/stadiliepas.lv\/en\/product\/plum-renklod-rannij-doneckij\/","title":{"rendered":"Plum &#8216;Renklod Ra\u0146\u0146ij Do\u0146eckij&#8217;"},"content":{"rendered":"<h5><span style=\"color: #000000\">The variety was created in Ukraine. The tree is medium-sized with a rounded crown. It blooms early. The fruits ripen in late August. They are large, greenish-yellow with a blush. The flesh is yellow, dense, juicy, sweet with a slight acidity. Very tasty plums. <\/span><span style=\"color: #000000\"> Early. Winter-hardy. High-yielding. <em>Self-infertile, <\/em>but pollinates well with simultaneously flowering domestic plums (e.g <strong>Viktorija, Perdrigon, K\u0101rsavas). Disease resistance is average. Should be planted in the best places in the garden.<br \/>\n<\/strong><\/span><\/h5>\n<p>&nbsp;<\/p>\n<ul>\n<li><span style=\"color: #000000\">Standard price for a container plant<\/span><\/li>\n<li><span style=\"color: #000000\"> Price varies depending on plant size<\/span>\n<ul>\n<li><span style=\"color: #000000\"> Min &#8211; smaller size plant (\u20ac 16.00);<\/span><\/li>\n<li><span style=\"color: #000000\"><strong> Standard- mature plant with a strong root system (\u20ac 18.00);<\/strong><\/span><\/li>\n<li><span style=\"color: #000000\"> Max &#8211; larger size plant, may have side brunches (\u20ac 20.00).<\/span><\/li>\n<\/ul>\n<\/li>\n<li><span style=\"color: #000000\"> The full price list can be viewed <span style=\"text-decoration: underline\"><a style=\"color: #000000;text-decoration: underline\" href=\"https:\/\/liepas.lv\/cenu-lapa\/\"><span style=\"color: #008000;text-decoration: underline\"><strong>here<\/strong><\/span>.<\/a><\/span><\/span><\/li>\n<li><span style=\"color: #000000\"> Information on how to purchase can be found <span style=\"text-decoration: underline\"><a style=\"color: #000000;text-decoration: underline\" href=\"https:\/\/liepas.lv\/ka-iegadaties\/\"><span style=\"color: #008000;text-decoration: underline\"><strong>here<\/strong><\/span>.<\/a><\/span><\/span><\/li>\n<\/ul>\n<p>&nbsp;<\/p>\n","protected":false},"excerpt":{"rendered":"<p>The variety was created in Ukraine. The tree is medium-sized with a rounded crown. It blooms early. The fruits ripen in late August. They are large, greenish-yellow with a blush. The flesh is yellow, dense, juicy, sweet with a slight acidity. Very tasty plums. Early. Winter-hardy. High-yielding. Self-infertile, but pollinates well with simultaneously flowering domestic [&hellip;]<\/p>\n","protected":false},"featured_media":516,"template":"","meta":[],"product_brand":[],"product_cat":[668,667],"product_tag":[],"class_list":{"0":"post-4942","1":"product","2":"type-product","3":"status-publish","4":"has-post-thumbnail","6":"product_cat-domestic-plums","7":"product_cat-plums","9":"first","10":"outofstock","11":"shipping-taxable","12":"purchasable","13":"product-type-simple"},"_links":{"self":[{"href":"https:\/\/stadiliepas.lv\/en\/wp-json\/wp\/v2\/product\/4942","targetHints":{"allow":["GET"]}}],"collection":[{"href":"https:\/\/stadiliepas.lv\/en\/wp-json\/wp\/v2\/product"}],"about":[{"href":"https:\/\/stadiliepas.lv\/en\/wp-json\/wp\/v2\/types\/product"}],"wp:featuredmedia":[{"embeddable":true,"href":"https:\/\/stadiliepas.lv\/en\/wp-json\/wp\/v2\/media\/516"}],"wp:attachment":[{"href":"https:\/\/stadiliepas.lv\/en\/wp-json\/wp\/v2\/media?parent=4942"}],"wp:term":[{"taxonomy":"product_brand","embeddable":true,"href":"https:\/\/stadiliepas.lv\/en\/wp-json\/wp\/v2\/product_brand?post=4942"},{"taxonomy":"product_cat","embeddable":true,"href":"https:\/\/stadiliepas.lv\/en\/wp-json\/wp\/v2\/product_cat?post=4942"},{"taxonomy":"product_tag","embeddable":true,"href":"https:\/\/stadiliepas.lv\/en\/wp-json\/wp\/v2\/product_tag?post=4942"}],"curies":[{"name":"wp","href":"https:\/\/api.w.org\/{rel}","templated":true}]}}