{"id":5232,"date":"2026-04-09T13:37:36","date_gmt":"2026-04-09T13:37:36","guid":{"rendered":"https:\/\/stadiliepas.lv\/?post_type=product&#038;p=5232"},"modified":"2026-04-09T21:31:07","modified_gmt":"2026-04-09T21:31:07","slug":"currant-cornij-zemcug","status":"publish","type":"product","link":"https:\/\/stadiliepas.lv\/en\/product\/currant-cornij-zemcug\/","title":{"rendered":"Blackcurrant &#8216;\u010cornij \u017dem\u010dug&#8217;"},"content":{"rendered":"<h5><span style=\"color: #000000\">The shrubs are moderately vigorous and spreading. Medium-early harvest. The berries are large, round-oval, sweet-and-sour, and aromatic. Long clusters on which the berries ripen simultaneously. Good winter hardiness.<br \/>\n<\/span><\/h5>\n<p>&nbsp;<\/p>\n<ul>\n<li><span style=\"color: #000000\"> Standard price for a container plant.<\/span>\n<li><span style=\"color: #000000\"> Price depending on the size of the plant:<\/span>\n<ul>\n<ul>\n<li><span style=\"color: #000000\">BR \u2013 bare-root seedling (\u20ac 4.00), biennial seedling <span><\/li>\n<li><span style=\"color: #000000\"><strong>Standard &#8211; 3L container (\u20ac 6.00), <\/strong><\/span><\/li>\n<li><span style=\"color: #000000\">Max &#8211; 6L container (\u20ac 8.00).<\/span><\/li>\n<\/ul>\n<\/li>\n<li><span style=\"color: #000000\"> The full price list can be viewed <span style=\"text-decoration: underline\"><a style=\"color: #000000;text-decoration: underline\" href=\"https:\/\/liepas.lv\/cenu-lapa\/\"><span style=\"color: #008000;text-decoration: underline\"><strong>here<\/strong><\/span>.<\/a><\/span><\/span><\/li>\n<li><span style=\"color: #000000\"> Information on how to purchase can be found <span style=\"text-decoration: underline\"><a style=\"color: #000000;text-decoration: underline\" href=\"https:\/\/liepas.lv\/ka-iegadaties\/\"><span style=\"color: #008000;text-decoration: underline\"><strong>here<\/strong><\/span>.<\/a><\/span><\/span><\/li>\n<\/ul>\n<p>&nbsp;<\/p>\n<p>&nbsp;<\/p>\n","protected":false},"excerpt":{"rendered":"<p>The shrubs are moderately vigorous and spreading. Medium-early harvest. The berries are large, round-oval, sweet-and-sour, and aromatic. Long clusters on which the berries ripen simultaneously. Good winter hardiness. &nbsp; Standard price for a container plant. Price depending on the size of the plant: BR \u2013 bare-root seedling (\u20ac 4.00), biennial seedling Standard &#8211; 3L container [&hellip;]<\/p>\n","protected":false},"featured_media":686,"template":"","meta":[],"product_brand":[],"product_cat":[655,677],"product_tag":[635,632],"class_list":{"0":"post-5232","1":"product","2":"type-product","3":"status-publish","4":"has-post-thumbnail","6":"product_cat-berry-bushes","7":"product_cat-blackcurrant","8":"product_tag-good-winter-hardiness","9":"product_tag-large-berries","11":"first","12":"outofstock","13":"shipping-taxable","14":"product-type-variable"},"_links":{"self":[{"href":"https:\/\/stadiliepas.lv\/en\/wp-json\/wp\/v2\/product\/5232","targetHints":{"allow":["GET"]}}],"collection":[{"href":"https:\/\/stadiliepas.lv\/en\/wp-json\/wp\/v2\/product"}],"about":[{"href":"https:\/\/stadiliepas.lv\/en\/wp-json\/wp\/v2\/types\/product"}],"wp:featuredmedia":[{"embeddable":true,"href":"https:\/\/stadiliepas.lv\/en\/wp-json\/wp\/v2\/media\/686"}],"wp:attachment":[{"href":"https:\/\/stadiliepas.lv\/en\/wp-json\/wp\/v2\/media?parent=5232"}],"wp:term":[{"taxonomy":"product_brand","embeddable":true,"href":"https:\/\/stadiliepas.lv\/en\/wp-json\/wp\/v2\/product_brand?post=5232"},{"taxonomy":"product_cat","embeddable":true,"href":"https:\/\/stadiliepas.lv\/en\/wp-json\/wp\/v2\/product_cat?post=5232"},{"taxonomy":"product_tag","embeddable":true,"href":"https:\/\/stadiliepas.lv\/en\/wp-json\/wp\/v2\/product_tag?post=5232"}],"curies":[{"name":"wp","href":"https:\/\/api.w.org\/{rel}","templated":true}]}}