{"id":5254,"date":"2026-04-09T22:09:52","date_gmt":"2026-04-09T22:09:52","guid":{"rendered":"https:\/\/stadiliepas.lv\/?post_type=product&#038;p=5254"},"modified":"2026-04-09T22:11:07","modified_gmt":"2026-04-09T22:11:07","slug":"red-currant-viksnes-tumsi-sarkana","status":"publish","type":"product","link":"https:\/\/stadiliepas.lv\/en\/product\/red-currant-viksnes-tumsi-sarkana\/","title":{"rendered":"Red currant &#8216;V\u012bksnes Tum\u0161i Sarkan\u0101&#8217;"},"content":{"rendered":"<p><span style=\"color: #000000\"><a style=\"color: #000000;text-decoration: underline\" href=\"https:\/\/liepas.lv\/noderiga-informacija\/top-skirnes\">RECOMMENDED!<\/a><\/span><\/p>\n<p>&nbsp;<\/p>\n<h5><span style=\"color: #000000\">The shrub is medium-height, early-ripening, winter-hardy, and very productive. The berries are large, dark red, and sweet. Do not drop when overripe..<\/span><\/h5>\n<p>&nbsp;<\/p>\n<ul>\n<li><span style=\"color: #000000\">Standard price for a container plant.<\/span>\n<ul>\n<li><span style=\"color: #000000\">BR \u2013 bare-root seedling (\u20ac 4.00), biennial seedling;<\/span><\/li>\n<li><span style=\"color: #000000\"><strong>Standard &#8211; 3L container (\u20ac 6.00), <\/strong><\/span><\/li>\n<li><span style=\"color: #000000\">Max &#8211; 6L container (\u20ac 8.00).<\/span><\/li>\n<\/ul>\n<\/li>\n<li><span style=\"color: #000000\">The full price list can be viewed <a style=\"color: #000000\" href=\"https:\/\/liepas.lv\/cenu-lapa\/\"><span style=\"color: #008000\"><strong>here<\/strong><\/span>.<\/a><\/span><\/li>\n<li><span style=\"color: #000000\">Information on how to purchase can be found <a style=\"color: #000000\" href=\"https:\/\/liepas.lv\/ka-iegadaties\/\"><span style=\"color: #008000\"><strong>here<\/strong><\/span>.<\/a><\/span><\/li>\n<\/ul>\n<p>&nbsp;<\/p>\n","protected":false},"excerpt":{"rendered":"<p>RECOMMENDED! &nbsp; The shrub is medium-height, early-ripening, winter-hardy, and very productive. The berries are large, dark red, and sweet. Do not drop when overripe.. &nbsp; Standard price for a container plant. BR \u2013 bare-root seedling (\u20ac 4.00), biennial seedling; Standard &#8211; 3L container (\u20ac 6.00), Max &#8211; 6L container (\u20ac 8.00). The full price list [&hellip;]<\/p>\n","protected":false},"featured_media":123,"template":"","meta":[],"product_brand":[],"product_cat":[655,681],"product_tag":[],"class_list":{"0":"post-5254","1":"product","2":"type-product","3":"status-publish","4":"has-post-thumbnail","6":"product_cat-berry-bushes","7":"product_cat-red-and-white-currant","9":"first","10":"instock","11":"shipping-taxable","12":"purchasable","13":"product-type-simple"},"_links":{"self":[{"href":"https:\/\/stadiliepas.lv\/en\/wp-json\/wp\/v2\/product\/5254","targetHints":{"allow":["GET"]}}],"collection":[{"href":"https:\/\/stadiliepas.lv\/en\/wp-json\/wp\/v2\/product"}],"about":[{"href":"https:\/\/stadiliepas.lv\/en\/wp-json\/wp\/v2\/types\/product"}],"wp:featuredmedia":[{"embeddable":true,"href":"https:\/\/stadiliepas.lv\/en\/wp-json\/wp\/v2\/media\/123"}],"wp:attachment":[{"href":"https:\/\/stadiliepas.lv\/en\/wp-json\/wp\/v2\/media?parent=5254"}],"wp:term":[{"taxonomy":"product_brand","embeddable":true,"href":"https:\/\/stadiliepas.lv\/en\/wp-json\/wp\/v2\/product_brand?post=5254"},{"taxonomy":"product_cat","embeddable":true,"href":"https:\/\/stadiliepas.lv\/en\/wp-json\/wp\/v2\/product_cat?post=5254"},{"taxonomy":"product_tag","embeddable":true,"href":"https:\/\/stadiliepas.lv\/en\/wp-json\/wp\/v2\/product_tag?post=5254"}],"curies":[{"name":"wp","href":"https:\/\/api.w.org\/{rel}","templated":true}]}}