{"id":5835,"date":"2026-04-20T09:52:25","date_gmt":"2026-04-20T09:52:25","guid":{"rendered":"https:\/\/stadiliepas.lv\/?post_type=product&#038;p=5835"},"modified":"2026-04-20T12:45:20","modified_gmt":"2026-04-20T12:45:20","slug":"sea-buckthorn-botaniceskaja-lubikelskaja-male","status":"publish","type":"product","link":"https:\/\/stadiliepas.lv\/en\/product\/sea-buckthorn-botaniceskaja-lubikelskaja-male\/","title":{"rendered":"Sea Buckthorn &#8216;Bota\u0146i\u010deskaja \u013bubi\u0137e\u013cskaja&#8217; male"},"content":{"rendered":"<p><span style=\"color: #000000\">It has large dark yellow berries weighing 0.78 g, which ripen early, at the end of August, but also overripe quickly, so harvesting should not be delayed, it should be done within 12 days. The bushes are medium-sized, productive, the branches usually bend low from the weight of the berries, forming a semi-hanging crown in good growing conditions. The thorniness index (per 1 meter of two-year-old, berry-covered shoot) is 7.6, which is considered low. The varieties susceptible to diseases &#8211; vascular mycosis and bud bacteriosis &#8211; is low. The berries are very juicy.<\/span><\/p>\n<p><span style=\"color: #000000\">For every 7 or 8 female plants, one male plant should be planted, placed on the side facing the prevailing winds or in the center of the group.<\/span><\/p>\n<p>&nbsp;<\/p>\n<ul>\n<li><span style=\"color: #000000\">Standard price for a container plant. The price for a bare-root seedlings or a younger plants may be lower. The full price list can be viewed  <span style=\"text-decoration: underline\"><a style=\"color: #000000;text-decoration: underline\" href=\"https:\/\/liepas.lv\/cenu-lapa\/\">here.<\/a><\/span><\/span><\/li>\n<li><span style=\"color: #000000\">Information on how to purchase can be found <span style=\"text-decoration: underline\"><a style=\"color: #000000;text-decoration: underline\" href=\"https:\/\/liepas.lv\/ka-iegadaties\/\">here.<\/a><\/span><\/span><\/li>\n<\/ul>\n","protected":false},"excerpt":{"rendered":"<p>It has large dark yellow berries weighing 0.78 g, which ripen early, at the end of August, but also overripe quickly, so harvesting should not be delayed, it should be done within 12 days. The bushes are medium-sized, productive, the branches usually bend low from the weight of the berries, forming a semi-hanging crown in [&hellip;]<\/p>\n","protected":false},"featured_media":158,"template":"","meta":[],"product_brand":[],"product_cat":[655,657],"product_tag":[],"class_list":{"0":"post-5835","1":"product","2":"type-product","3":"status-publish","4":"has-post-thumbnail","6":"product_cat-berry-bushes","7":"product_cat-sea-buckthorn","9":"first","10":"instock","11":"shipping-taxable","12":"purchasable","13":"product-type-simple"},"_links":{"self":[{"href":"https:\/\/stadiliepas.lv\/en\/wp-json\/wp\/v2\/product\/5835","targetHints":{"allow":["GET"]}}],"collection":[{"href":"https:\/\/stadiliepas.lv\/en\/wp-json\/wp\/v2\/product"}],"about":[{"href":"https:\/\/stadiliepas.lv\/en\/wp-json\/wp\/v2\/types\/product"}],"wp:featuredmedia":[{"embeddable":true,"href":"https:\/\/stadiliepas.lv\/en\/wp-json\/wp\/v2\/media\/158"}],"wp:attachment":[{"href":"https:\/\/stadiliepas.lv\/en\/wp-json\/wp\/v2\/media?parent=5835"}],"wp:term":[{"taxonomy":"product_brand","embeddable":true,"href":"https:\/\/stadiliepas.lv\/en\/wp-json\/wp\/v2\/product_brand?post=5835"},{"taxonomy":"product_cat","embeddable":true,"href":"https:\/\/stadiliepas.lv\/en\/wp-json\/wp\/v2\/product_cat?post=5835"},{"taxonomy":"product_tag","embeddable":true,"href":"https:\/\/stadiliepas.lv\/en\/wp-json\/wp\/v2\/product_tag?post=5835"}],"curies":[{"name":"wp","href":"https:\/\/api.w.org\/{rel}","templated":true}]}}