{"id":5854,"date":"2026-04-20T13:09:53","date_gmt":"2026-04-20T13:09:53","guid":{"rendered":"https:\/\/stadiliepas.lv\/?post_type=product&#038;p=5854"},"modified":"2026-04-20T13:26:00","modified_gmt":"2026-04-20T13:26:00","slug":"fruit-or-berry-powder","status":"publish","type":"product","link":"https:\/\/stadiliepas.lv\/en\/product\/fruit-or-berry-powder\/","title":{"rendered":"Fruit or berry powder"},"content":{"rendered":"<p><span style=\"color: #000000\"><strong>Lyophilized or freeze-dried.<\/strong> <\/span><\/p>\n<p>&nbsp;<\/p>\n<p><span style=\"color: #000000\">Fruit and berry powders consist of 100% of the fruits or berries. <\/span><\/p>\n<p><span style=\"color: #000000\">Fruit and berry powders are intended to enrich the taste and color of dishes, as well as for their decoration.<\/span><\/p>\n<p>&nbsp;<\/p>\n<p><span style=\"color: #000000\">One pack of powder 50g &#8211; 4.95\u20ac<\/span><\/p>\n<p>&nbsp;<\/p>\n","protected":false},"excerpt":{"rendered":"<p style=\"padding-left: 120px\"><img decoding=\"async\" class=\"wp-image-17927 alignnone\" src=\"https:\/\/liepas.lv\/wp-content\/uploads\/2023\/01\/BEZ-CUKURA-e1675198467361-294x300.png\" alt=\"\" width=\"85\" height=\"87\" \/> <img decoding=\"async\" class=\"wp-image-17951 alignnone\" src=\"https:\/\/liepas.lv\/wp-content\/uploads\/2023\/01\/VEGANS-e1675198748765-300x300.png\" alt=\"\" width=\"85\" height=\"85\" \/> <img decoding=\"async\" class=\"wp-image-17948 alignnone\" src=\"https:\/\/liepas.lv\/wp-content\/uploads\/2023\/01\/ROKU-DARBS-e1675198720380-295x300.png\" alt=\"\" width=\"84\" height=\"86\" \/> <img loading=\"lazy\" decoding=\"async\" class=\"wp-image-17945 alignnone\" src=\"https:\/\/liepas.lv\/wp-content\/uploads\/2023\/01\/piemerots-visai-gimenei-e1675198692941-298x300.png\" alt=\"\" width=\"85\" height=\"86\" \/> <img loading=\"lazy\" decoding=\"async\" class=\"wp-image-17942 alignnone\" src=\"https:\/\/liepas.lv\/wp-content\/uploads\/2023\/01\/PIEMEROTS-BERNIEM-e1675198662214-294x300.png\" alt=\"\" width=\"85\" height=\"87\" \/><img loading=\"lazy\" decoding=\"async\" class=\"wp-image-17939 alignnone\" src=\"https:\/\/liepas.lv\/wp-content\/uploads\/2023\/01\/PASU-AUDZETS-UN-RASOTS-e1675198633102-300x300.png\" alt=\"\" width=\"85\" height=\"85\" \/> <img loading=\"lazy\" decoding=\"async\" class=\"wp-image-17936 alignnone\" src=\"https:\/\/liepas.lv\/wp-content\/uploads\/2023\/01\/MUTE-KUSTOSS-e1675198608430-298x300.png\" alt=\"\" width=\"85\" height=\"86\" \/> <img loading=\"lazy\" decoding=\"async\" class=\"wp-image-17933 alignnone\" src=\"https:\/\/liepas.lv\/wp-content\/uploads\/2023\/01\/DABIGS-PRODUKTS-e1675198577437-297x300.png\" alt=\"\" width=\"85\" height=\"86\" \/> <img loading=\"lazy\" decoding=\"async\" class=\"wp-image-17930 alignnone\" src=\"https:\/\/liepas.lv\/wp-content\/uploads\/2023\/01\/BEZ-KRASVIELAS-e1675198513818-296x300.png\" alt=\"\" width=\"85\" height=\"86\" \/><\/p>\n<p><span style=\"color: #000000\"><strong>Liofiliz\u0101cija<\/strong> ir \u017e\u0101v\u0113\u0161anas veids vakuum\u0101, kur\u0101 tiek atdal\u012bts \u016bdens no procesa laik\u0101 sasald\u0113tiem produktiem. Produkti saglab\u0101 90% dabisko gar\u0161u, kr\u0101su, uzturv\u0113rt\u012bbu un nezaud\u0113 v\u0113rt\u012bgos vitam\u012bnus.<\/span><\/p>\n<p><span style=\"color: #000000\">Atbilst vesel\u012bga dz\u012bvesveida tendencei.<\/span><\/p>\n","protected":false},"featured_media":1879,"template":"","meta":[],"product_brand":[],"product_cat":[697],"product_tag":[],"class_list":{"0":"post-5854","1":"product","2":"type-product","3":"status-publish","4":"has-post-thumbnail","6":"product_cat-freeze-dried-fruits-and-berries","8":"first","9":"outofstock","10":"shipping-taxable","11":"product-type-variable"},"_links":{"self":[{"href":"https:\/\/stadiliepas.lv\/en\/wp-json\/wp\/v2\/product\/5854","targetHints":{"allow":["GET"]}}],"collection":[{"href":"https:\/\/stadiliepas.lv\/en\/wp-json\/wp\/v2\/product"}],"about":[{"href":"https:\/\/stadiliepas.lv\/en\/wp-json\/wp\/v2\/types\/product"}],"wp:featuredmedia":[{"embeddable":true,"href":"https:\/\/stadiliepas.lv\/en\/wp-json\/wp\/v2\/media\/1879"}],"wp:attachment":[{"href":"https:\/\/stadiliepas.lv\/en\/wp-json\/wp\/v2\/media?parent=5854"}],"wp:term":[{"taxonomy":"product_brand","embeddable":true,"href":"https:\/\/stadiliepas.lv\/en\/wp-json\/wp\/v2\/product_brand?post=5854"},{"taxonomy":"product_cat","embeddable":true,"href":"https:\/\/stadiliepas.lv\/en\/wp-json\/wp\/v2\/product_cat?post=5854"},{"taxonomy":"product_tag","embeddable":true,"href":"https:\/\/stadiliepas.lv\/en\/wp-json\/wp\/v2\/product_tag?post=5854"}],"curies":[{"name":"wp","href":"https:\/\/api.w.org\/{rel}","templated":true}]}}