{"id":5973,"date":"2026-04-22T12:13:02","date_gmt":"2026-04-22T12:13:02","guid":{"rendered":"https:\/\/stadiliepas.lv\/?post_type=product&#038;p=5973"},"modified":"2026-04-22T12:13:31","modified_gmt":"2026-04-22T12:13:31","slug":"gift-card-100-eur","status":"publish","type":"product","link":"https:\/\/stadiliepas.lv\/en\/product\/gift-card-100-eur\/","title":{"rendered":"Gift card 100 EUR"},"content":{"rendered":"<h5><span style=\"color: #000000\">Seedlings are a beautiful, useful and lasting gift!<\/span><\/h5>\n<h5><span style=\"color: #000000\">Delight your relatives, friends or neighbors with a valuable gift \u2013 a gift card from the ZS \u201cLiepas\u2019\u201d nursery.<\/span><\/h5>\n<h5><span style=\"color: #000000\">The gift card can be used at all permanent sales locations &#8211; Dobele, Jelgava, Riga and Il\u016bkste plant squares, as well as at our mobile sales locations!<\/span><\/h5>\n","protected":false},"excerpt":{"rendered":"<ul>\n<li>P\u0113c pas\u016bt\u012bjuma noform\u0113\u0161anas J\u016bs sa\u0146emsiet priek\u0161apmaksas r\u0113\u0137inu uz nor\u0101d\u012bto e-pasta adresi.<br \/>\n(<b><u>Ja gad\u012bjum\u0101 r\u0113\u0137ins nav sa\u0146emts 1 darba dienas laik\u0101<\/u><\/b>, l\u016bdzu, inform\u0113jiet m\u016bs zvanot uz zem\u0101k nor\u0101d\u012bto t\u0101lru\u0146a numuru).<\/li>\n<li>P\u0113c r\u0113\u0137ina apmaksas sa\u0146em\u0161anas, nos\u016bt\u012bsim Jums D\u0101vanu Karti uz Pas\u016bt\u012bjuma form\u0101 nor\u0101d\u012bto e-pasta adresi (pdf form\u0101t\u0101) vai uz k\u0101du no DPD pakom\u0101tiem p\u0113c J\u016bsu izv\u0113les (+pas\u016bt\u012bjuma izdevumi 3.00 eur), k\u0101 ar\u012b varat sa\u0146emt past\u0101v\u012bgaj\u0101s tirdzniec\u012bbas viet\u0101s (Dobeles, R\u012bgas, Jelgavas un Il\u016bkstes st\u0101du laukumos).<\/li>\n<li>Elektronisko d\u0101vanu karti var izmantot ar\u012b m\u016bsu m\u0101jaslap\u0101 noform\u0113jot pas\u016bt\u012bjumu.<\/li>\n<\/ul>\n<p><b>Jaut\u0101jumu vai neskaidr\u012bbu gad\u012bjum\u0101 zvaniet +371 29507747.<\/b><\/p>\n<p><strong>D\u0101vanu kartei<\/strong> ir unik\u0101ls numurs &#8211; karti var izmantot tikai vienu reizi. D\u0101vanu karti aizliegts pavairot vai viltot.<\/p>\n<p>D\u0101vanu karte ir der\u012bga 1 gadu no ieg\u0101des br\u012b\u017ea.<\/p>\n","protected":false},"featured_media":1431,"template":"","meta":[],"product_brand":[],"product_cat":[699],"product_tag":[],"class_list":{"0":"post-5973","1":"product","2":"type-product","3":"status-publish","4":"has-post-thumbnail","6":"product_cat-gift-cards","8":"first","9":"instock","10":"shipping-taxable","11":"purchasable","12":"product-type-simple"},"_links":{"self":[{"href":"https:\/\/stadiliepas.lv\/en\/wp-json\/wp\/v2\/product\/5973","targetHints":{"allow":["GET"]}}],"collection":[{"href":"https:\/\/stadiliepas.lv\/en\/wp-json\/wp\/v2\/product"}],"about":[{"href":"https:\/\/stadiliepas.lv\/en\/wp-json\/wp\/v2\/types\/product"}],"wp:featuredmedia":[{"embeddable":true,"href":"https:\/\/stadiliepas.lv\/en\/wp-json\/wp\/v2\/media\/1431"}],"wp:attachment":[{"href":"https:\/\/stadiliepas.lv\/en\/wp-json\/wp\/v2\/media?parent=5973"}],"wp:term":[{"taxonomy":"product_brand","embeddable":true,"href":"https:\/\/stadiliepas.lv\/en\/wp-json\/wp\/v2\/product_brand?post=5973"},{"taxonomy":"product_cat","embeddable":true,"href":"https:\/\/stadiliepas.lv\/en\/wp-json\/wp\/v2\/product_cat?post=5973"},{"taxonomy":"product_tag","embeddable":true,"href":"https:\/\/stadiliepas.lv\/en\/wp-json\/wp\/v2\/product_tag?post=5973"}],"curies":[{"name":"wp","href":"https:\/\/api.w.org\/{rel}","templated":true}]}}