{"id":6038,"date":"2026-04-27T13:07:02","date_gmt":"2026-04-27T13:07:02","guid":{"rendered":"https:\/\/stadiliepas.lv\/?post_type=product&#038;p=6038"},"modified":"2026-04-27T13:09:21","modified_gmt":"2026-04-27T13:09:21","slug":"dwarf-apple-tree-tellissaare","status":"publish","type":"product","link":"https:\/\/stadiliepas.lv\/en\/product\/dwarf-apple-tree-tellissaare\/","title":{"rendered":"Dwarf apple tree &#8216;Tellissaare&#8217;"},"content":{"rendered":"<h5><span style=\"color: #000000\">Winter variety. A hardy and disease-resistant Estonian cultivar. The apples are sweet-tart, large, and can be stored for a long time. The base color is yellow, similar to the variety \u201cS\u012bpoli\u0146\u0161\u201d.<\/span><\/h5>\n<p>&nbsp;<\/p>\n<ul>\n<li><span style=\"color: #000000\">Standard price for a container plant.<\/span><\/li>\n<li><span style=\"color: #000000\">Price depending on the size of the plant.<\/span>\n<ul>\n<li><span style=\"color: #000000\">BR &#8211; bare-root seedling (\u20ac 13.00 &#8211; 15.00);<\/span><\/li>\n<li><span style=\"color: #000000\">Min &#8211; smaller seedling (\u20ac 14.00);<\/span><\/li>\n<li><span style=\"color: #000000\"><strong>Standard &#8211; mature seedling with a strong root system (\u20ac 16.00);<\/strong><\/span><\/li>\n<li><span style=\"color: #000000\">Max &#8211; larger seedling with a side brunches (\u20ac 18.00).<\/span><\/li>\n<\/ul>\n<\/li>\n<li><span style=\"color: #000000\">The full price list can be viewed <span style=\"text-decoration: underline\"><a style=\"color: #000000;text-decoration: underline\" href=\"https:\/\/liepas.lv\/cenu-lapa\/\"><span style=\"color: #008000;text-decoration: underline\"><strong>here<\/strong><\/span>.<\/a><\/span><\/span><\/li>\n<li><span style=\"color: #000000\">Information on how to purchase can be found <span style=\"text-decoration: underline\"><a style=\"color: #000000;text-decoration: underline\" href=\"https:\/\/liepas.lv\/ka-iegadaties\/\"><span style=\"color: #008000;text-decoration: underline\"><strong>here<\/strong><\/span>.<\/a><\/span><\/span><\/li>\n<\/ul>\n<p>&nbsp;<\/p>\n","protected":false},"excerpt":{"rendered":"<p>Winter variety. A hardy and disease-resistant Estonian cultivar. The apples are sweet-tart, large, and can be stored for a long time. The base color is yellow, similar to the variety \u201cS\u012bpoli\u0146\u0161\u201d. &nbsp; Standard price for a container plant. Price depending on the size of the plant. BR &#8211; bare-root seedling (\u20ac 13.00 &#8211; 15.00); Min [&hellip;]<\/p>\n","protected":false},"featured_media":414,"template":"","meta":[],"product_brand":[],"product_cat":[706,707,708],"product_tag":[630],"class_list":{"0":"post-6038","1":"product","2":"type-product","3":"status-publish","4":"has-post-thumbnail","6":"product_cat-apple-trees","7":"product_cat-dwarf-apple-trees","8":"product_cat-winter-apple-trees","9":"product_tag-winter-apple","11":"first","12":"instock","13":"shipping-taxable","14":"purchasable","15":"product-type-variable"},"_links":{"self":[{"href":"https:\/\/stadiliepas.lv\/en\/wp-json\/wp\/v2\/product\/6038","targetHints":{"allow":["GET"]}}],"collection":[{"href":"https:\/\/stadiliepas.lv\/en\/wp-json\/wp\/v2\/product"}],"about":[{"href":"https:\/\/stadiliepas.lv\/en\/wp-json\/wp\/v2\/types\/product"}],"wp:featuredmedia":[{"embeddable":true,"href":"https:\/\/stadiliepas.lv\/en\/wp-json\/wp\/v2\/media\/414"}],"wp:attachment":[{"href":"https:\/\/stadiliepas.lv\/en\/wp-json\/wp\/v2\/media?parent=6038"}],"wp:term":[{"taxonomy":"product_brand","embeddable":true,"href":"https:\/\/stadiliepas.lv\/en\/wp-json\/wp\/v2\/product_brand?post=6038"},{"taxonomy":"product_cat","embeddable":true,"href":"https:\/\/stadiliepas.lv\/en\/wp-json\/wp\/v2\/product_cat?post=6038"},{"taxonomy":"product_tag","embeddable":true,"href":"https:\/\/stadiliepas.lv\/en\/wp-json\/wp\/v2\/product_tag?post=6038"}],"curies":[{"name":"wp","href":"https:\/\/api.w.org\/{rel}","templated":true}]}}